{"id":131,"date":"2015-10-23T22:40:20","date_gmt":"2015-10-23T20:40:20","guid":{"rendered":"http:\/\/eintrachtzinnowitz.de\/?page_id=131"},"modified":"2025-11-21T22:04:42","modified_gmt":"2025-11-21T20:04:42","slug":"tischtennis-jugend","status":"publish","type":"page","link":"http:\/\/eintrachtzinnowitz.de\/?page_id=131","title":{"rendered":"Tischtennis Jugend"},"content":{"rendered":"<p>Nat\u00fcrlich bieten wir auch Kinder- und Jugendtraining an. Teilnehmen kann jeder ab etwa 8 Jahren.<br \/>\nTrainiert wird hier am Donnerstag von 16:30 &#8211; 18:30 Uhr in 2 Gruppen. Kommt einfach mal vorbei.<\/p>\n<p>Wer in welcher Gruppe startet, wird vom Trainer vor Ort eingeteilt. Eine Gruppe sind Anf\u00e4nger, die 2. Gruppe spielt schon besser.<\/p>\n<p>Wir haben diverse Trainingsger\u00e4te im Einsatz, von Ballmaschinen \u00fcber Returnbretter bis zu Spinr\u00e4dern. Die M\u00f6glichkeiten sind vielf\u00e4ltig. Wir suchen st\u00e4ndig und immer weiteren Nachwuchs. Ob M\u00e4dchen oder Jungen. Meldet Euch einfach!<\/p>\n<p>Ansprechpartner ist hier Jens Drews (0175 \/ 4711126 oder <a href=\"mailto:tischtennis_jugend@eintrachtzinnowitz.de\">Mail<\/a>)<\/p>\n<p>Folgt uns auf <a href=\"https:\/\/www.instagram.com\/sv.eintracht_zinnowitz.tt\/\">Instagram<\/a>.<\/p>\n<p><strong>Wir kooperieren auch mit den anderen Vereinen auf der Insel, damit der Nachwuchs das Maximum an Training erfahren kann.<\/strong><\/p>\n<p>Zus\u00e4tzlich zu unseren Trainingszeiten k\u00f6nnen die Kinder (ohne zus\u00e4tzliche Geb\u00fchren!) auch in Koserow und Heringsdorf trainieren. So ist es m\u00f6glich 3x in der Woche an einem Training mit Trainer teilzunehmen.<\/p>\n<p>In Koserow wird Dienstags in der Franka Dietzsch Sporthalle (gegen\u00fcber vom Bahnhof) von 16:30 Uhr bis 19 Uhr trainiert.<br \/>\nIn Heringsdorf wird Mittwochs in der Sporthalle vom ehemaligen Gymnasium (500m vom Bahnhof entfernt) von 16:00 Uhr bis 18:30 Uhr traniert.<\/p>\n<p>Ebenso versuchen wir, die Kinder und Jugendlichen an Wettk\u00e4mpfen und Turnieren teilnehmen zu lassen, so dass sie schon fr\u00fch Wettkampferfahrungen sammeln k\u00f6nnen.<\/p>\n<p>Tische:<\/p>\n<p><a href=\"http:\/\/eintrachtzinnowitz.de\/wp-content\/uploads\/2015\/10\/Tische.jpg\"><img loading=\"lazy\" decoding=\"async\" class=\"alignnone size-full wp-image-163\" src=\"http:\/\/eintrachtzinnowitz.de\/wp-content\/uploads\/2015\/10\/Tische.jpg\" alt=\"Tische\" width=\"800\" height=\"435\" srcset=\"http:\/\/eintrachtzinnowitz.de\/wp-content\/uploads\/2015\/10\/Tische.jpg 800w, http:\/\/eintrachtzinnowitz.de\/wp-content\/uploads\/2015\/10\/Tische-300x163.jpg 300w\" sizes=\"auto, (max-width: 800px) 100vw, 800px\" \/><\/a><\/p>\n<p>Erkl\u00e4ren und Anleiten<\/p>\n<p><a href=\"http:\/\/eintrachtzinnowitz.de\/wp-content\/uploads\/2015\/10\/Erklaeren.jpg\"><img loading=\"lazy\" decoding=\"async\" class=\"alignnone size-full wp-image-161\" src=\"http:\/\/eintrachtzinnowitz.de\/wp-content\/uploads\/2015\/10\/Erklaeren.jpg\" alt=\"Erklaeren\" width=\"400\" height=\"279\" srcset=\"http:\/\/eintrachtzinnowitz.de\/wp-content\/uploads\/2015\/10\/Erklaeren.jpg 400w, http:\/\/eintrachtzinnowitz.de\/wp-content\/uploads\/2015\/10\/Erklaeren-300x209.jpg 300w\" sizes=\"auto, (max-width: 400px) 100vw, 400px\" \/><\/a><\/p>\n<p><a href=\"http:\/\/eintrachtzinnowitz.de\/wp-content\/uploads\/2015\/10\/Anleiten.jpg\"><img loading=\"lazy\" decoding=\"async\" class=\"alignnone size-full wp-image-159\" src=\"http:\/\/eintrachtzinnowitz.de\/wp-content\/uploads\/2015\/10\/Anleiten.jpg\" alt=\"Anleiten\" width=\"400\" height=\"369\" srcset=\"http:\/\/eintrachtzinnowitz.de\/wp-content\/uploads\/2015\/10\/Anleiten.jpg 400w, http:\/\/eintrachtzinnowitz.de\/wp-content\/uploads\/2015\/10\/Anleiten-300x277.jpg 300w\" sizes=\"auto, (max-width: 400px) 100vw, 400px\" \/><\/a><\/p>\n<p>Ballmaschinen \/ Returnbretter \/ Ziel\u00fcbungen<\/p>\n<p><a href=\"http:\/\/eintrachtzinnowitz.de\/wp-content\/uploads\/2017\/02\/Ballmaschinen.jpg\"><img loading=\"lazy\" decoding=\"async\" class=\"alignleft wp-image-434 \" src=\"http:\/\/eintrachtzinnowitz.de\/wp-content\/uploads\/2017\/02\/Ballmaschinen.jpg\" width=\"593\" height=\"333\" srcset=\"http:\/\/eintrachtzinnowitz.de\/wp-content\/uploads\/2017\/02\/Ballmaschinen.jpg 1024w, http:\/\/eintrachtzinnowitz.de\/wp-content\/uploads\/2017\/02\/Ballmaschinen-300x168.jpg 300w, http:\/\/eintrachtzinnowitz.de\/wp-content\/uploads\/2017\/02\/Ballmaschinen-768x431.jpg 768w, http:\/\/eintrachtzinnowitz.de\/wp-content\/uploads\/2017\/02\/Ballmaschinen-890x500.jpg 890w\" sizes=\"auto, (max-width: 593px) 100vw, 593px\" \/><\/a><\/p>\n<p><a href=\"http:\/\/eintrachtzinnowitz.de\/wp-content\/uploads\/2017\/02\/Returnbrett.jpg\"><img loading=\"lazy\" decoding=\"async\" class=\"alignleft size-medium wp-image-436\" src=\"http:\/\/eintrachtzinnowitz.de\/wp-content\/uploads\/2017\/02\/Returnbrett-300x168.jpg\" alt=\"\" width=\"300\" height=\"168\" srcset=\"http:\/\/eintrachtzinnowitz.de\/wp-content\/uploads\/2017\/02\/Returnbrett-300x168.jpg 300w, http:\/\/eintrachtzinnowitz.de\/wp-content\/uploads\/2017\/02\/Returnbrett-768x431.jpg 768w, http:\/\/eintrachtzinnowitz.de\/wp-content\/uploads\/2017\/02\/Returnbrett.jpg 1024w, http:\/\/eintrachtzinnowitz.de\/wp-content\/uploads\/2017\/02\/Returnbrett-890x500.jpg 890w\" sizes=\"auto, (max-width: 300px) 100vw, 300px\" \/><\/a><a href=\"http:\/\/eintrachtzinnowitz.de\/wp-content\/uploads\/2017\/02\/Zieluebungen.jpg\"><img loading=\"lazy\" decoding=\"async\" class=\"alignleft size-medium wp-image-437\" src=\"http:\/\/eintrachtzinnowitz.de\/wp-content\/uploads\/2017\/02\/Zieluebungen-300x168.jpg\" alt=\"\" width=\"300\" height=\"168\" srcset=\"http:\/\/eintrachtzinnowitz.de\/wp-content\/uploads\/2017\/02\/Zieluebungen-300x168.jpg 300w, http:\/\/eintrachtzinnowitz.de\/wp-content\/uploads\/2017\/02\/Zieluebungen-768x431.jpg 768w, http:\/\/eintrachtzinnowitz.de\/wp-content\/uploads\/2017\/02\/Zieluebungen.jpg 1024w, http:\/\/eintrachtzinnowitz.de\/wp-content\/uploads\/2017\/02\/Zieluebungen-890x500.jpg 890w\" sizes=\"auto, (max-width: 300px) 100vw, 300px\" \/><\/a><\/p>\n","protected":false},"excerpt":{"rendered":"<p>Nat\u00fcrlich bieten wir auch Kinder- und Jugendtraining an. Teilnehmen kann jeder ab etwa 8 Jahren. Trainiert wird hier am Donnerstag von 16:30 &#8211; 18:30 Uhr in 2 Gruppen. Kommt einfach <a href=\"http:\/\/eintrachtzinnowitz.de\/?page_id=131\" class=\"more-link\">[&hellip;]<\/a><\/p>\n","protected":false},"author":3,"featured_media":0,"parent":23,"menu_order":0,"comment_status":"closed","ping_status":"closed","template":"","meta":{"Layout":"","footnotes":""},"class_list":["entry","author-tischtennis","post-131","page","type-page","status-publish"],"_links":{"self":[{"href":"http:\/\/eintrachtzinnowitz.de\/index.php?rest_route=\/wp\/v2\/pages\/131","targetHints":{"allow":["GET"]}}],"collection":[{"href":"http:\/\/eintrachtzinnowitz.de\/index.php?rest_route=\/wp\/v2\/pages"}],"about":[{"href":"http:\/\/eintrachtzinnowitz.de\/index.php?rest_route=\/wp\/v2\/types\/page"}],"author":[{"embeddable":true,"href":"http:\/\/eintrachtzinnowitz.de\/index.php?rest_route=\/wp\/v2\/users\/3"}],"replies":[{"embeddable":true,"href":"http:\/\/eintrachtzinnowitz.de\/index.php?rest_route=%2Fwp%2Fv2%2Fcomments&post=131"}],"version-history":[{"count":10,"href":"http:\/\/eintrachtzinnowitz.de\/index.php?rest_route=\/wp\/v2\/pages\/131\/revisions"}],"predecessor-version":[{"id":874,"href":"http:\/\/eintrachtzinnowitz.de\/index.php?rest_route=\/wp\/v2\/pages\/131\/revisions\/874"}],"up":[{"embeddable":true,"href":"http:\/\/eintrachtzinnowitz.de\/index.php?rest_route=\/wp\/v2\/pages\/23"}],"wp:attachment":[{"href":"http:\/\/eintrachtzinnowitz.de\/index.php?rest_route=%2Fwp%2Fv2%2Fmedia&parent=131"}],"curies":[{"name":"wp","href":"https:\/\/api.w.org\/{rel}","templated":true}]}}