{"id":30,"date":"2015-10-22T15:46:37","date_gmt":"2015-10-22T13:46:37","guid":{"rendered":"http:\/\/eintrachtzinnowitz.de\/?page_id=30"},"modified":"2024-09-17T22:32:05","modified_gmt":"2024-09-17T20:32:05","slug":"satzung","status":"publish","type":"page","link":"http:\/\/eintrachtzinnowitz.de\/?page_id=30","title":{"rendered":"Satzung"},"content":{"rendered":"<p>Satzung des Sportvereins \u2013 SV Eintracht Zinnowitz e.V.<br \/>\nI. Allgemeines<br \/>\n\u00a7 1 Name, Sitz und Rechtsfragen<br \/>\n1. Der Sportverein SV Eintracht Zinnowitz e.V. \u2013 im folgenden SVZ genannt \u2013 ist eine auf<br \/>\nfreiwilliger Grundlage beruhende gemeinn\u00fctzige Vereinigung seiner Mitglieder.<br \/>\nEr ist politisch, konfessionell unabh\u00e4ngig und neutral.<br \/>\nNationalistische und radikale Bestrebungen werden nicht unterst\u00fctzt und gef\u00f6rdert.<br \/>\n2. Der SVZ ist in das Vereinsregister eingetragen. Er hat seinen Sitz in Zinnowitz.<br \/>\n3. Er ist Mitglied im Kreissportbund Ostvorpommern e.V.. Er kann die Mitgliedschaft in<br \/>\nanderen Verb\u00e4nden, Organisationen und Institutionen erwerben.<br \/>\n\u00a7 2 Gemeinn\u00fctzigkeit<br \/>\n1. Der SVZ ist selbstlos t\u00e4tig. Er verfolgt ausschlie\u00dflich und unmittelbar gemeinn\u00fctzige<br \/>\nZwecke im Sinne des Abschnitts \u201eSteuerbeg\u00fcnstigte Zwecke\u201c der Abgabenordnung.<br \/>\n2. Eigenwirtschaftliche Zwecke werden nicht in erster Linie verfolgt.<br \/>\nMittel des Vereins d\u00fcrfen nur satzungsgem\u00e4\u00df verwandt werden. Es darf keine Person<br \/>\ndurch Ausgaben, die dem Zweck der K\u00f6rperschaft fremd sind, oder durch<br \/>\nunverh\u00e4ltnism\u00e4\u00dfig hohe Verg\u00fctungen beg\u00fcnstigt werden.<br \/>\n\u00a7 3 Zweck und Aufgaben<br \/>\n1. Der Zweck des Vereins ist die F\u00f6rderung und Entwicklung des Sports im Territorium. Der<br \/>\nSatzungszweck wird im besonderen verwirklicht durch die F\u00f6rderung sportlicher<br \/>\n\u00dcbungen und Leistungen sowie durch die Errichtung, Wartung und Pflege von<br \/>\nSportanlagen.<br \/>\n2. Der SVZ hat die Aufgaben<br \/>\n&#8211; pflegt und f\u00f6rdert das Sporttreiben in den ihm angeschlossenen Abteilungen<br \/>\nund Sportgruppen, organisiert den Trainings- und Wettkampfbetrieb und ist<br \/>\noffen f\u00fcr weitere Sportarten<br \/>\n&#8211; f\u00f6rdert die breitensportliche Bet\u00e4tigung in den von ihm betriebenen Sportarten<br \/>\n&#8211; bildet Nachwuchs- und Leistungssportler heran<br \/>\n&#8211; ist St\u00e4tte famili\u00e4rer Freizeitgestaltung sowie geselligen Vereinslebens<br \/>\n&#8211; bildet \u00dcbungsleiter, Kampf- und Schiedsrichter in \u00dcbereinstimmung mit den<br \/>\nSportverb\u00e4nden aus<br \/>\n&#8211; f\u00f6rdert Kontakte zu anderen Sportvereinen<br \/>\nII. Mitgliedschaft<br \/>\n\u00a7 4 Erwerb der Mitgliedschaft<br \/>\n1. Ordentliche Mitglieder<br \/>\nOrdentliches Mitglied kann jede nat\u00fcrliche oder juristische Person werden. \u00dcber den<br \/>\nschriftlichen Aufnahmeantrag entscheidet der Vorstand. Der Aufnahmeantrag<br \/>\nMinderj\u00e4hriger bedarf der Unterschrift gesetzlicher Vertreter.<br \/>\n2. F\u00f6rdernde Mitglieder<br \/>\nF\u00f6rderndes Mitglied kann jede nat\u00fcrliche vollj\u00e4hrige oder juristische Person werden.<br \/>\nF\u00f6rdernde Mitglieder unterst\u00fctzen haupts\u00e4chlich die Arbeit des Vereines, ohne sich<br \/>\nsportlich bet\u00e4tigen zu wollen.<br \/>\n\u00dcber den schriftlichen Aufnahmeantrag entscheidet der Vorstand.<br \/>\n3. Ehrenmitglieder<br \/>\nAufgrund besonderer Verdienste bei der F\u00f6rderung des Sports oder des Vereins k\u00f6nnen<br \/>\nnat\u00fcrliche Personen durch die Mitgliederversammlung zu Ehrenmitgliedern des SVZ<br \/>\nernannt werden.<br \/>\n\u00a7 5 Rechte der Mitglieder<br \/>\n1. Die Mitglieder sind berechtigt, an allen sportlichen, kulturellen und geselligen<br \/>\nVeranstaltungen des SVZ teilzunehmen.<br \/>\nDie dem Verein zur Verf\u00fcgung stehenden Sportanlagen, vereinseigene Sport- und<br \/>\nSpielger\u00e4te zweckentsprechend zu nutzen.<br \/>\n2. Sie haben ein Recht auf Beratung zu Fragen des Vereins.<br \/>\n\u00a7 6 Pflichten der Mitglieder<br \/>\n1. Die Mitglieder sind verpflichtet, Satzung und Ordnung des SVZ einzuhalten sowie gem\u00e4\u00df<br \/>\nder Finanzordnung ihre Beitr\u00e4ge zu entrichten.<br \/>\n\u00a7 7 Beendigung der Mitgliedschaft<br \/>\n1. Die Mitgliedschaft endet durch K\u00fcndigung, Aufl\u00f6sung des Vereins, Ausschluss oder Tod<br \/>\ndes Mitgliedes.<br \/>\n2. Die K\u00fcndigung durch ein Mitglied kann nur halbj\u00e4hrlich schriftlich mit einer Frist von<br \/>\neinem Monat erkl\u00e4rt werden.<br \/>\nSie muss vom Mitglied oder bei Minderj\u00e4hrigen vom gesetzlichen Vertreter unterschrieben<br \/>\nsein.<br \/>\n3. Der Ausschluss kann durch den Vorstand mit 2\/3 der Mitglieder des Vorstandes, nach<br \/>\nAnh\u00f6rung der Abteilung und des Mitgliedes, erfolgen.<br \/>\nDazu Bedarf es grober Verst\u00f6\u00dfe gegen die Satzung und Ordnung des SVZ, oder gegen die<br \/>\nsich hieraus ergebenen Verpflichtungen.<br \/>\nWeitere Ausschlussgr\u00fcnde liegen vor, wenn sich das Mitglied inner \u2013 und au\u00dferhalb des<br \/>\nVereins unehrenhaft verh\u00e4lt oder seine b\u00fcrgerlichen Ehrenrechte verliert.<br \/>\nIII. Organe, Aussch\u00fcsse<br \/>\n\u00a7 8 Organe des SVZ<br \/>\nOrgane des SVZ sind:<br \/>\nMitgliederversammlung<br \/>\nVorstand<br \/>\n\u00a7 9 Mitgliederversammlung<br \/>\nDie Mitgliederversammlung ist das oberste Organ im SVZ und hat \u00fcber grunds\u00e4tzliche<br \/>\nFragen und Angelegenheiten zu beraten und beschlie\u00dfen.<br \/>\nZu den Aufgaben geh\u00f6ren:<br \/>\n1. Entgegennahme des Jahresberichtes des Vorstandes und des Berichtes der<br \/>\nKassenpr\u00fcfer<br \/>\n2. Entlastung des Vorstandes auf finanziellem Gebiet<br \/>\n3. Wahl der Vorstandsmitglieder und Kassenpr\u00fcfer<br \/>\n4. Festsetzung der Mitgliedsbeitr\u00e4ge<br \/>\n5. Best\u00e4tigung des Haushaltsplanes<br \/>\n6. Beschlussfassung \u00fcber Satzungs\u00e4nderungen und Antr\u00e4ge<br \/>\nEs entscheidet die Mehrheit der anwesenden Mitglieder der Versammlung.<br \/>\nEs findet j\u00e4hrlich eine Mitgliederversammlung statt.<br \/>\nAuf Beschluss des Vorstandes, auf schriftlich begr\u00fcndeten Antrag aller Rechnungspr\u00fcfer<br \/>\noder auf Antrag von mindestens 10% aller Mitglieder soll der Vorstand eine au\u00dferordentliche<br \/>\nMitgliederversammlung unverz\u00fcglich einberufen.<br \/>\n\u00a7 10 Vorstand<br \/>\n1. Der Vorstand des SVZ besteht aus<br \/>\n&#8211; dem Vorsitzenden<br \/>\n&#8211; dem Stellvertreter<br \/>\n&#8211; dem Leiter Finanzen<br \/>\n&#8211; und 4 weiteren Mitgliedern<br \/>\nDer SVZ wird gerichtlich und au\u00dfergerichtlich durch den Vorsitzenden, den Stellvertreter und<br \/>\ndem Leiter Finanzen vertreten.<br \/>\nDer Vorsitzende ist Einzelvertretungsberechtigt.<br \/>\nDer Stellvertreter und der Schatzmeister sind nur gemeinsam vertretungsberechtigt.<br \/>\n2. Dem Vorstand obliegt die F\u00fchrung der laufenden Gesch\u00e4fte, die Verwaltung des<br \/>\nVerm\u00f6gens und des Eigentums.<br \/>\n3. Beschl\u00fcsse des Vorstandes werden mit einfacher Mehrheit gefasst.<br \/>\n4. \u00dcber die Vorstandssitzungen ist ein Protokoll zu fertigen.<br \/>\n5. Der Vorstand gibt sich f\u00fcr seine Arbeit eine Gesch\u00e4ftsordnung, in der die<br \/>\nArbeit in und mit den Abteilungen geregelt ist.<br \/>\n6. Die Finanzen werden in der Gesch\u00e4ftsordnung n\u00e4her geregelt.<br \/>\n7. Wahlen werden in der Gesch\u00e4ftsordnung geregelt.<br \/>\n\u00a7 11 Aussch\u00fcsse<br \/>\nDie Mitgliederversammlung und der Vorstand k\u00f6nnen f\u00fcr die Vorbereitung und<br \/>\nDurchf\u00fchrung ihrer Aufgaben Aussch\u00fcsse bilden.<br \/>\n\u00a7 12 Abteilungen<br \/>\nDer SVZ ist in verschiedene Abteilungen untergliedert. Jede Abteilung besitzt eigene Organe,<br \/>\nderen Rechte und Pflichten in der Gesch\u00e4ftsordnung definiert sind.<br \/>\n\u00a7 13 Rechnungspr\u00fcfung<br \/>\nDie Mitgliederversammlung w\u00e4hlt f\u00fcr die Dauer von drei Jahren aus den Mitgliedern drei<br \/>\nRechnungspr\u00fcfer. Die Arbeit der Rechnungspr\u00fcfer wird in der Gesch\u00e4ftsordnung bestimmt.<br \/>\n\u00a7 14 Aufl\u00f6sung des SVZ<br \/>\n1. Zur Aufl\u00f6sung des SVZ ist die schriftliche Zustimmung von 75% aller Mitglieder<br \/>\nerforderlich.<br \/>\n2. Sofern die Mitgliederversammlung nichts anderes beschlie\u00dft, sind der Vorsitzende,<br \/>\nder Stellvertreter und der Leiter Finanzen je zu zweit vertretungsberechtigte<br \/>\nLiquidatoren.<br \/>\n3. Bei Aufl\u00f6sung des Vereins oder bei Wegfall steuerbeg\u00fcnstigter Zwecke f\u00e4llt das<br \/>\nVerm\u00f6gen des SVZ an den Kreissportbund Ostvorpommern e.V., der es unmittelbar<br \/>\nund ausschlie\u00dflich f\u00fcr gemeinn\u00fctzige Zwecke weiter verwendet.<br \/>\nIV. IN-KRAFT-TRETEN \/ AUSSER-KRAFT- TRETEN<br \/>\nDiese Satzung tritt mit Datum des Beschlusses der n\u00e4chsten Mitgliederversammlung in<br \/>\nKraft und setzt die Fassung vom 05.12. 1991 au\u00dfer Kraft.<\/p>\n<p>Die Satzung kann auch hier heruntergeladen werden: <a href=\"http:\/\/eintrachtzinnowitz.de\/wp-content\/uploads\/2016\/02\/Satzung.pdf\" rel=\"\">Satzung<\/a><\/p>\n","protected":false},"excerpt":{"rendered":"<p>Satzung des Sportvereins \u2013 SV Eintracht Zinnowitz e.V. I. Allgemeines \u00a7 1 Name, Sitz und Rechtsfragen 1. Der Sportverein SV Eintracht Zinnowitz e.V. \u2013 im folgenden SVZ genannt \u2013 ist <a href=\"http:\/\/eintrachtzinnowitz.de\/?page_id=30\" class=\"more-link\">[&hellip;]<\/a><\/p>\n","protected":false},"author":7,"featured_media":0,"parent":11,"menu_order":0,"comment_status":"closed","ping_status":"closed","template":"","meta":{"Layout":"","footnotes":""},"class_list":["entry","author-vorstand","post-30","page","type-page","status-publish"],"_links":{"self":[{"href":"http:\/\/eintrachtzinnowitz.de\/index.php?rest_route=\/wp\/v2\/pages\/30","targetHints":{"allow":["GET"]}}],"collection":[{"href":"http:\/\/eintrachtzinnowitz.de\/index.php?rest_route=\/wp\/v2\/pages"}],"about":[{"href":"http:\/\/eintrachtzinnowitz.de\/index.php?rest_route=\/wp\/v2\/types\/page"}],"author":[{"embeddable":true,"href":"http:\/\/eintrachtzinnowitz.de\/index.php?rest_route=\/wp\/v2\/users\/7"}],"replies":[{"embeddable":true,"href":"http:\/\/eintrachtzinnowitz.de\/index.php?rest_route=%2Fwp%2Fv2%2Fcomments&post=30"}],"version-history":[{"count":3,"href":"http:\/\/eintrachtzinnowitz.de\/index.php?rest_route=\/wp\/v2\/pages\/30\/revisions"}],"predecessor-version":[{"id":223,"href":"http:\/\/eintrachtzinnowitz.de\/index.php?rest_route=\/wp\/v2\/pages\/30\/revisions\/223"}],"up":[{"embeddable":true,"href":"http:\/\/eintrachtzinnowitz.de\/index.php?rest_route=\/wp\/v2\/pages\/11"}],"wp:attachment":[{"href":"http:\/\/eintrachtzinnowitz.de\/index.php?rest_route=%2Fwp%2Fv2%2Fmedia&parent=30"}],"curies":[{"name":"wp","href":"https:\/\/api.w.org\/{rel}","templated":true}]}}