{"id":71,"date":"2015-10-23T20:31:04","date_gmt":"2015-10-23T20:31:04","guid":{"rendered":"http:\/\/eintrachtzinnowitz.de\/?page_id=71"},"modified":"2024-03-16T19:07:49","modified_gmt":"2024-03-16T17:07:49","slug":"frauenradsport","status":"publish","type":"page","link":"http:\/\/eintrachtzinnowitz.de\/?page_id=71","title":{"rendered":"Frauenradsport und Gymnastik"},"content":{"rendered":"<p><a href=\"http:\/\/eintrachtzinnowitz.de\/wp-content\/uploads\/2015\/10\/fahrad.jpg\"><img loading=\"lazy\" decoding=\"async\" class=\"alignright wp-image-83\" src=\"http:\/\/eintrachtzinnowitz.de\/wp-content\/uploads\/2015\/10\/fahrad.jpg\" alt=\"\" width=\"100\" height=\"74\" srcset=\"http:\/\/eintrachtzinnowitz.de\/wp-content\/uploads\/2015\/10\/fahrad.jpg 640w, http:\/\/eintrachtzinnowitz.de\/wp-content\/uploads\/2015\/10\/fahrad-300x223.jpg 300w, http:\/\/eintrachtzinnowitz.de\/wp-content\/uploads\/2015\/10\/fahrad-175x131.jpg 175w\" sizes=\"auto, (max-width: 100px) 100vw, 100px\" \/><\/a>Die Frauenrad- und Sportgruppe bietet Frauen im besten Alter (ab 55 aufw\u00e4rts, gerne auch j\u00fcnger) Radfahren und Gymnastik in eher moderater Form an.\u00a0Unser Radius pro Tour liegt in der Regel zwischen 20 und 35 Kilometern.<\/p>\n<p>Wir treffen uns w\u00f6chentlich montags und donnerstags zum Radfahren in der Natur entlang der K\u00fcste und durch die sch\u00f6nen W\u00e4lder. Das ist gesund, st\u00e4rkt Herz und Kreislauf und hebt die Laune. Jeder f\u00e4hrt mit dem eigenen Rad, ganz gleich ob Tourenrad, Mountainbike oder E-Bike. Im Winter steigen wir auch flexibel vom Rad auf Wanderstiefel um.<\/p>\n<p>Als Ausgleich k\u00f6nnen die Mitglieder der Radsportgruppe dienstags bei der Gymnastikstunde in der Halle der ortsans\u00e4ssigen Sportschule ihre Fitness verbessern.<\/p>\n<p>Frauen, die Bewegung in der Natur und Sport in der Gemeinschaft m\u00f6gen, k\u00f6nnen gern ein Schnuppertraining vereinbaren.<\/p>\n<p><strong>Ansprechpartnerin:<\/strong><br \/>\nSteffi Lorenz ( Vorsitzende der Abteilung Frauenrad- und sportgruppe)<br \/>\nTelefon: 01573 317 9932<br \/>\nMailadresse: FR-Gruppe.ZW@mail.de<\/p>\n<p><strong>Termine:\u00a0<\/strong><\/p>\n<p><strong>Radfahren:<\/strong> montags und donnerstags, 13:30 Uhr bis ca. 16:00 Uhr<br \/>\nTreffpunkt: Seebr\u00fccke Zinnowitz<\/p>\n<p><strong>Gymnastik:<\/strong> dienstags, 10:00 &#8211; 11:00 Uhr<br \/>\nTreffpunkt: Turnhalle der Sportschule Zinnowitz<\/p>\n","protected":false},"excerpt":{"rendered":"<p>Die Frauenrad- und Sportgruppe bietet Frauen im besten Alter (ab 55 aufw\u00e4rts, gerne auch j\u00fcnger) Radfahren und Gymnastik in eher moderater Form an.\u00a0Unser Radius pro Tour liegt in der Regel <a href=\"http:\/\/eintrachtzinnowitz.de\/?page_id=71\" class=\"more-link\">[&hellip;]<\/a><\/p>\n","protected":false},"author":1,"featured_media":83,"parent":4,"menu_order":0,"comment_status":"closed","ping_status":"closed","template":"","meta":{"Layout":"1c","footnotes":""},"class_list":["entry","author-klaus","post-71","page","type-page","status-publish","has-post-thumbnail"],"_links":{"self":[{"href":"http:\/\/eintrachtzinnowitz.de\/index.php?rest_route=\/wp\/v2\/pages\/71","targetHints":{"allow":["GET"]}}],"collection":[{"href":"http:\/\/eintrachtzinnowitz.de\/index.php?rest_route=\/wp\/v2\/pages"}],"about":[{"href":"http:\/\/eintrachtzinnowitz.de\/index.php?rest_route=\/wp\/v2\/types\/page"}],"author":[{"embeddable":true,"href":"http:\/\/eintrachtzinnowitz.de\/index.php?rest_route=\/wp\/v2\/users\/1"}],"replies":[{"embeddable":true,"href":"http:\/\/eintrachtzinnowitz.de\/index.php?rest_route=%2Fwp%2Fv2%2Fcomments&post=71"}],"version-history":[{"count":10,"href":"http:\/\/eintrachtzinnowitz.de\/index.php?rest_route=\/wp\/v2\/pages\/71\/revisions"}],"predecessor-version":[{"id":773,"href":"http:\/\/eintrachtzinnowitz.de\/index.php?rest_route=\/wp\/v2\/pages\/71\/revisions\/773"}],"up":[{"embeddable":true,"href":"http:\/\/eintrachtzinnowitz.de\/index.php?rest_route=\/wp\/v2\/pages\/4"}],"wp:featuredmedia":[{"embeddable":true,"href":"http:\/\/eintrachtzinnowitz.de\/index.php?rest_route=\/wp\/v2\/media\/83"}],"wp:attachment":[{"href":"http:\/\/eintrachtzinnowitz.de\/index.php?rest_route=%2Fwp%2Fv2%2Fmedia&parent=71"}],"curies":[{"name":"wp","href":"https:\/\/api.w.org\/{rel}","templated":true}]}}